{"id":1269,"date":"2019-08-10T19:05:05","date_gmt":"2019-08-10T18:05:05","guid":{"rendered":"http:\/\/pigeon-boulant-lillois.com\/?page_id=1269"},"modified":"2022-10-10T15:39:02","modified_gmt":"2022-10-10T14:39:02","slug":"coupe-de-france-du-boulant-a-woincourt-les-30-nov-et-1er-decembre-2019","status":"publish","type":"page","link":"https:\/\/pigeon-boulant-lillois.com\/?page_id=1269","title":{"rendered":"COUPE DE FRANCE DU BOULANT  LILLOIS A WOINCOURT 2019"},"content":{"rendered":"<h3><u>COUPE DE FRANCE DU BOULANT LILLOIS A WOINCOURT 2019<\/u><\/h3>\n<h4>\u00a0<strong>La Coupe de France du Boulant Lillois a eu lieu les 30 Novembre et 1<sup>er<\/sup> D\u00e9cembre dernier \u00e0 WOINCOURT avec la participation satisfaisante pour ce type de Concours de 53 sujets Lillois, expos\u00e9s par 6 \u00e9leveurs dans 9 couleurs parmi les vari\u00e9t\u00e9s existantes\u00a0!<\/strong><\/h4>\n<h4><strong>Grand merci \u00e0 Virgile et Aymeric Amourette, les dirigeants de Soci\u00e9t\u00e9 Avicole Vimeu Marquenterre ainsi qu\u2019\u00e0 l\u2019\u00e9quipe organisatrice pour l\u2019accueil rencontr\u00e9 et la belle dotation en r\u00e9compenses de notre Concours (plaquettes \u00e0 l\u2019effigie du Boulant Lillois et de Woincourt\u00a0, petits pigeonniers d\u00e9cor\u00e9s et coffrets de bi\u00e8res\u00a0!)<\/strong><\/h4>\n<h4><strong>Grand merci \u00e9galement aux \u00e9leveurs\u00a0de Boulants Lillois : Mrs Chatelin, Corroyette, Devos, Hurel, Lissy, Mabic, qui se sont mobilis\u00e9s pour que notre Coupe de France puisse avoir lieu dans de bonnes conditions, allant pour certains \u00e0 faire de longs d\u00e9placements\u00a0!\u00a0 <\/strong><\/h4>\n<h4>Ci-dessous le palmar\u00e8s de la Coupe de France<strong> :<\/strong><\/h4>\n<h3><span style=\"color: #0000ff;\"><u>ICI LES PHOTOS\u00a0\u00a0 : <a href=\"https:\/\/pigeon-boulant-lillois.com\/wp-content\/uploads\/2019\/08\/CHAMPIONS-COUPE-DE-FRANCE-DU-BOULANT-LILLOIS-A-WOINCOURT-DEC-2019-c.pdf\">CHAMPIONS COUPE DE FRANCE DU BOULANT LILLOIS A WOINCOURT DEC 2019-c<\/a><br \/>\n<\/u><\/span><\/h3>\n<p><strong><a href=\"https:\/\/pigeon-boulant-lillois.com\/wp-content\/uploads\/2019\/08\/AUTRES-96-95-a-la-COUPE-DE-FRANCE-DU-BOULANT-LILLOIS-A-WOINCOURT-2019-c.pdf\">AUTRES 96 &amp; 95 a la COUPE DE FRANCE DU BOULANT LILLOIS A WOINCOURT 2019-c<\/a><\/strong><\/p>\n<h5><strong>\u2013 Champion Unicolore en Rouge cage 913\u00a0 Excellent\u00a0&#8211; 97 points \u00e0 Jean Claude Hurel<\/strong><\/h5>\n<h5><strong>\u2013 Champion Unicolore en Noir cage 906 &#8211; 96 points \u00e0 David Corroyette<\/strong><\/h5>\n<h5><strong>\u2013 Champion Barr\u00e9 &#8211; Bleu Barr\u00e9 Noir cage 926\u00a0 Excellent\u00a0&#8211; \u00a097 points \u00e0 Chatelin et les Enfants<\/strong><\/h5>\n<h5><strong>\u2013 Champion Barr\u00e9 en Isabelle cage 947 &#8211; 96 points \u00e0 Jules Devos<\/strong><\/h5>\n<h5><strong>\u2013 Champion Tigr\u00e9 en Tigr\u00e9 Rouge cage 912 &#8211; 96 points \u00e0 Jules Devos<\/strong><\/h5>\n<h3><u>\u00a0<strong>Le Prix de Qualit\u00e9 a \u00e9t\u00e9 remport\u00e9 par David Corroyette avec 94.33 points\u00a0\u00a0<\/strong><\/u><strong>\u00a0\u00a0\u00a0\u00a0\u00a0\u00a0\u00a0\u00a0\u00a0\u00a0\u00a0\u00a0\u00a0\u00a0\u00a0<\/strong><u> <\/u><\/h3>\n<h4><strong>\u00a0\u00a0\u00a0\u00a0\u00a0\u00a0\u00a0\u00a0\u00a0\u00a0\u00a0\u00a0\u00a0 &#8211;\u00a0 Jules Devos avec 95.5 points (ne participe pas)\u00a0&#8211; <\/strong><\/h4>\n<h4><strong>\u00a0\u00a0\u00a0\u00a0\u00a0\u00a0\u00a0\u00a0\u00a0\u00a0\u00a0\u00a0\u00a0 2<sup>\u00e8me<\/sup> Chatelin et les enfants <\/strong>\u00a0<strong>avec 94,27 points\u00a0<\/strong><\/h4>\n<h4><strong>\u00a0 \u00a0 \u00a0 \u00a0 \u00a0 \u00a0 \u00a0 3\u00e8me\u00a0 Jean Claude Hurel avec 94,25 points\u00a0 <\/strong><\/h4>\n<h4><strong>\u00a0 \u00a0 \u00a0 \u00a0 \u00a0 \u00a0\u00a0 4\u00e8me\u00a0 Philippe Lissy avec 93,75 points\u00a0\u00a0<\/strong><\/h4>\n<h4><strong>\u00a0 \u00a0 \u00a0 \u00a0 \u00a0 \u00a0 \u00a0 5\u00e8me St\u00e9phane Mabic avec 93,33 points\u00a0 <\/strong><\/h4>\n<h4><strong>Le jugement a \u00e9t\u00e9 r\u00e9alis\u00e9 par Jean Pierre Tiertant\u00a0\u00a0\u00a0\u00a0\u00a0\u00a0\u00a0\u00a0\u00a0\u00a0\u00a0\u00a0\u00a0\u00a0\u00a0\u00a0\u00a0\u00a0\u00a0\u00a0\u00a0\u00a0 <\/strong><\/h4>\n<h3><strong>\u00a0Merci aux \u00e9leveurs pour leurs participations et F\u00e9licitations aux laur\u00e9ats \u00a0 \u00a0 \u00a0 \u00a0 \u00a0 \u00a0 \u00a0 \u00a0 \u00a0 \u00a0 \u00a0 \u00a0 \u00a0\u00a0 \u00a0\u00a0\u00a0\u00a0\u00a0\u00a0\u00a0\u00a0\u00a0\u00a0\u00a0\u00a0\u00a0\u00a0\u00a0\u00a0\u00a0\u00a0\u00a0\u00a0\u00a0\u00a0\u00a0\u00a0\u00a0\u00a0\u00a0\u00a0 Jules Devos <\/strong><\/h3>\n<div id=\"main\">\n<div id=\"content\">\n<article id=\"post-959\" class=\"post-959 page type-page status-publish hentry\">\n<div class=\"single-entry-content\">\n<p><strong><br \/>\n<\/strong><\/p>\n<p>&nbsp;<\/p>\n<\/div>\n<\/article>\n<\/div>\n<\/div>\n","protected":false},"excerpt":{"rendered":"<p>COUPE DE FRANCE DU BOULANT LILLOIS A WOINCOURT 2019 \u00a0La Coupe de France du Boulant Lillois a eu lieu les 30 Novembre et 1er D\u00e9cembre dernier \u00e0 WOINCOURT avec la participation satisfaisante pour ce type de Concours de 53 sujets &hellip; <a href=\"https:\/\/pigeon-boulant-lillois.com\/?page_id=1269\">Lire la Suite <span class=\"meta-nav\">&rarr;<\/span><\/a><\/p>\n","protected":false},"author":1,"featured_media":0,"parent":110,"menu_order":4,"comment_status":"closed","ping_status":"closed","template":"","meta":{"footnotes":""},"_links":{"self":[{"href":"https:\/\/pigeon-boulant-lillois.com\/index.php?rest_route=\/wp\/v2\/pages\/1269"}],"collection":[{"href":"https:\/\/pigeon-boulant-lillois.com\/index.php?rest_route=\/wp\/v2\/pages"}],"about":[{"href":"https:\/\/pigeon-boulant-lillois.com\/index.php?rest_route=\/wp\/v2\/types\/page"}],"author":[{"embeddable":true,"href":"https:\/\/pigeon-boulant-lillois.com\/index.php?rest_route=\/wp\/v2\/users\/1"}],"replies":[{"embeddable":true,"href":"https:\/\/pigeon-boulant-lillois.com\/index.php?rest_route=%2Fwp%2Fv2%2Fcomments&post=1269"}],"version-history":[{"count":7,"href":"https:\/\/pigeon-boulant-lillois.com\/index.php?rest_route=\/wp\/v2\/pages\/1269\/revisions"}],"predecessor-version":[{"id":1410,"href":"https:\/\/pigeon-boulant-lillois.com\/index.php?rest_route=\/wp\/v2\/pages\/1269\/revisions\/1410"}],"up":[{"embeddable":true,"href":"https:\/\/pigeon-boulant-lillois.com\/index.php?rest_route=\/wp\/v2\/pages\/110"}],"wp:attachment":[{"href":"https:\/\/pigeon-boulant-lillois.com\/index.php?rest_route=%2Fwp%2Fv2%2Fmedia&parent=1269"}],"curies":[{"name":"wp","href":"https:\/\/api.w.org\/{rel}","templated":true}]}}