{"id":1416,"date":"2020-01-18T19:43:30","date_gmt":"2020-01-18T18:43:30","guid":{"rendered":"http:\/\/pigeon-boulant-lillois.com\/?page_id=1416"},"modified":"2024-08-17T12:23:04","modified_gmt":"2024-08-17T11:23:04","slug":"ag-et-jt-du-11-mai-2019-a-pecquencourt","status":"publish","type":"page","link":"https:\/\/pigeon-boulant-lillois.com\/?page_id=1416","title":{"rendered":"AG ET JT  DU 11 MAI 2019 A PECQUENCOURT"},"content":{"rendered":"<p>L&rsquo; Assembl\u00e9e G\u00e9n\u00e9rale et Journ\u00e9e Technique du Boulant Lillois a eu lieu chez les \u00ab\u00a0Petits Eleveurs du Douaisis \u00a0\u00bb \u00e0 Pecquencourt le 11 mai 2019<\/p>\n<p><a href=\"https:\/\/pigeon-boulant-lillois.com\/wp-content\/uploads\/2020\/01\/Assembl\u00e9e-G\u00e9n\u00e9rale-et-Journ\u00e9e-Technique-du-Boulant-Lillois\u2026.pdf\">Assembl\u00e9e G\u00e9n\u00e9rale et Journ\u00e9e Technique du Boulant Lillois\u2026<\/a><\/p>\n<p><a href=\"https:\/\/pigeon-boulant-lillois.com\/wp-content\/uploads\/2020\/01\/Photos-de-l-Assembl\u00e9e-G\u00e9n\u00e9rale-\u00e0-Pecquencourt-comp.pdf\">Photos de l Assembl\u00e9e G\u00e9n\u00e9rale \u00e0 Pecquencourt-comp<\/a><\/p>\n<p><a href=\"https:\/\/pigeon-boulant-lillois.com\/wp-content\/uploads\/2020\/01\/REPAS-ET-JT-BOULANT-LILLOIS-A-PECQUENCOURT-comp.pdf\">REPAS ET JT BOULANT LILLOIS A PECQUENCOURT-comp<\/a><\/p>\n","protected":false},"excerpt":{"rendered":"<p>L&rsquo; Assembl\u00e9e G\u00e9n\u00e9rale et Journ\u00e9e Technique du Boulant Lillois a eu lieu chez les \u00ab\u00a0Petits Eleveurs du Douaisis \u00a0\u00bb \u00e0 Pecquencourt le 11 mai 2019 Assembl\u00e9e G\u00e9n\u00e9rale et Journ\u00e9e Technique du Boulant Lillois\u2026 Photos de l Assembl\u00e9e G\u00e9n\u00e9rale \u00e0 Pecquencourt-comp &hellip; <a href=\"https:\/\/pigeon-boulant-lillois.com\/?page_id=1416\">Lire la Suite <span class=\"meta-nav\">&rarr;<\/span><\/a><\/p>\n","protected":false},"author":1,"featured_media":0,"parent":90,"menu_order":0,"comment_status":"closed","ping_status":"closed","template":"","meta":{"footnotes":""},"_links":{"self":[{"href":"https:\/\/pigeon-boulant-lillois.com\/index.php?rest_route=\/wp\/v2\/pages\/1416"}],"collection":[{"href":"https:\/\/pigeon-boulant-lillois.com\/index.php?rest_route=\/wp\/v2\/pages"}],"about":[{"href":"https:\/\/pigeon-boulant-lillois.com\/index.php?rest_route=\/wp\/v2\/types\/page"}],"author":[{"embeddable":true,"href":"https:\/\/pigeon-boulant-lillois.com\/index.php?rest_route=\/wp\/v2\/users\/1"}],"replies":[{"embeddable":true,"href":"https:\/\/pigeon-boulant-lillois.com\/index.php?rest_route=%2Fwp%2Fv2%2Fcomments&post=1416"}],"version-history":[{"count":4,"href":"https:\/\/pigeon-boulant-lillois.com\/index.php?rest_route=\/wp\/v2\/pages\/1416\/revisions"}],"predecessor-version":[{"id":1431,"href":"https:\/\/pigeon-boulant-lillois.com\/index.php?rest_route=\/wp\/v2\/pages\/1416\/revisions\/1431"}],"up":[{"embeddable":true,"href":"https:\/\/pigeon-boulant-lillois.com\/index.php?rest_route=\/wp\/v2\/pages\/90"}],"wp:attachment":[{"href":"https:\/\/pigeon-boulant-lillois.com\/index.php?rest_route=%2Fwp%2Fv2%2Fmedia&parent=1416"}],"curies":[{"name":"wp","href":"https:\/\/api.w.org\/{rel}","templated":true}]}}