{"id":1581,"date":"2022-12-23T17:37:49","date_gmt":"2022-12-23T16:37:49","guid":{"rendered":"http:\/\/pigeon-boulant-lillois.com\/?page_id=1581"},"modified":"2022-12-23T17:45:24","modified_gmt":"2022-12-23T16:45:24","slug":"mentions-legales","status":"publish","type":"page","link":"https:\/\/pigeon-boulant-lillois.com\/?page_id=1581","title":{"rendered":"Mentions l\u00e9gales"},"content":{"rendered":"<p>Mentions l\u00e9gales<\/p>\n<p>CLUB BOULANT LILLOIS<\/p>\n<p>H\u00e9bergement : Free<br \/>\nDirecteur de publication &amp; r\u00e9alisation : Jules DEVOS<\/p>\n<p>Propri\u00e9t\u00e9 Intellectuelle<br \/>\nLes \u0153uvres reproduites sur le site\u00a0https:\/\/pigeon-boulant-lillois.com et mises \u00e0 la disposition de nos internautes sont prot\u00e9g\u00e9es par le droit d\u2019auteur. A ce titre et conform\u00e9ment aux dispositions du Code de la propri\u00e9t\u00e9 Intellectuelle, seule l\u2019utilisation pour un usage priv\u00e9 r\u00e9duite au cercle de famille est autoris\u00e9e. Toute autre utilisation est constitutive de contrefa\u00e7on et sanctionn\u00e9e au titre de la Propri\u00e9t\u00e9 Intellectuelle. Liens Hypertextes Des liens hypertextes peuvent renvoyer vers d\u2019autres sites que le site https:\/\/pigeon-boulant-lillois.com\u00a0 En aucun cas le site https:\/\/pigeon-boulant-lillois.com ne saurait \u00eatre tenu responsable dans le cas o\u00f9 le contenu desdits autres sites contreviendrait aux dispositions l\u00e9gales et r\u00e9glementaires en vigueur.<\/p>\n<p>La responsabilit\u00e9 de\u00a0 https:\/\/pigeon-boulant-lillois.com ne saurait \u00eatre directement ou indirectement retenue, \u00e0 quelque titre et pour quelque cause que ce soit :<br \/>\n\u2013 en cas d\u2019utilisation ill\u00e9gale et contrevenante par des utilisateurs du site des \u0153uvres de l\u2019esprit reproduites sur le site,<br \/>\n\u2013 en cas d\u2019interruption de service du site motiv\u00e9e par des op\u00e9rations de maintenance ou par les comportements des utilisateurs du site,<br \/>\n\u2013 en cas d\u2019inaccessibilit\u00e9 et\/ou en cas d\u2019incapacit\u00e9 \u00e0 utiliser le site par tout utilisateur du site,<br \/>\n\u2013 en cas de dommages d\u2019\u00e9quipements de toute forme que ce soit, de pertes de donn\u00e9es, lors d\u2019une connexion sur le site https:\/\/pigeon-boulant-lillois.com<\/p>\n<p>Confidentialit\u00e9<br \/>\nConform\u00e9ment \u00e0 la loi informatique et libert\u00e9s du 06\/01\/78, vous pouvez acc\u00e9der aux informations vous concernant, les modifier et demander qu\u2019elles ne soient ni \u00e9chang\u00e9es, ni c\u00e9d\u00e9es, en \u00e9crivant \u00e0 : jules.devos@orange.fr<\/p>\n","protected":false},"excerpt":{"rendered":"<p>Mentions l\u00e9gales CLUB BOULANT LILLOIS H\u00e9bergement : Free Directeur de publication &amp; r\u00e9alisation : Jules DEVOS Propri\u00e9t\u00e9 Intellectuelle Les \u0153uvres reproduites sur le site\u00a0https:\/\/pigeon-boulant-lillois.com et mises \u00e0 la disposition de nos internautes sont prot\u00e9g\u00e9es par le droit d\u2019auteur. A ce &hellip; <a href=\"https:\/\/pigeon-boulant-lillois.com\/?page_id=1581\">Lire la Suite <span class=\"meta-nav\">&rarr;<\/span><\/a><\/p>\n","protected":false},"author":1,"featured_media":0,"parent":0,"menu_order":0,"comment_status":"closed","ping_status":"closed","template":"","meta":{"footnotes":""},"_links":{"self":[{"href":"https:\/\/pigeon-boulant-lillois.com\/index.php?rest_route=\/wp\/v2\/pages\/1581"}],"collection":[{"href":"https:\/\/pigeon-boulant-lillois.com\/index.php?rest_route=\/wp\/v2\/pages"}],"about":[{"href":"https:\/\/pigeon-boulant-lillois.com\/index.php?rest_route=\/wp\/v2\/types\/page"}],"author":[{"embeddable":true,"href":"https:\/\/pigeon-boulant-lillois.com\/index.php?rest_route=\/wp\/v2\/users\/1"}],"replies":[{"embeddable":true,"href":"https:\/\/pigeon-boulant-lillois.com\/index.php?rest_route=%2Fwp%2Fv2%2Fcomments&post=1581"}],"version-history":[{"count":2,"href":"https:\/\/pigeon-boulant-lillois.com\/index.php?rest_route=\/wp\/v2\/pages\/1581\/revisions"}],"predecessor-version":[{"id":1587,"href":"https:\/\/pigeon-boulant-lillois.com\/index.php?rest_route=\/wp\/v2\/pages\/1581\/revisions\/1587"}],"wp:attachment":[{"href":"https:\/\/pigeon-boulant-lillois.com\/index.php?rest_route=%2Fwp%2Fv2%2Fmedia&parent=1581"}],"curies":[{"name":"wp","href":"https:\/\/api.w.org\/{rel}","templated":true}]}}