{"id":1624,"date":"2023-04-12T09:06:23","date_gmt":"2023-04-12T08:06:23","guid":{"rendered":"http:\/\/pigeon-boulant-lillois.com\/?page_id=1624"},"modified":"2023-04-12T09:06:46","modified_gmt":"2023-04-12T08:06:46","slug":"bulletin-n-53-de-mai-2023","status":"publish","type":"page","link":"https:\/\/pigeon-boulant-lillois.com\/?page_id=1624","title":{"rendered":"BULLETIN N\u00b0 53 DE MAI 2023"},"content":{"rendered":"<p>Bulletin n0 53 a consulter ci contre\u00a0 :<\/p>\n<p><a href=\"https:\/\/pigeon-boulant-lillois.com\/wp-content\/uploads\/2023\/04\/BULLETIN-53-BOULANT-LILLOIS-BIS-1ERE-PARTIE-EN-PDF-compress\u00e9-1.pdf\">BULLETIN 53 BOULANT LILLOIS BIS 1ERE PARTIE EN PDF-compress\u00e9-1<\/a><\/p>\n<p><a href=\"https:\/\/pigeon-boulant-lillois.com\/wp-content\/uploads\/2023\/04\/BULLETIN-53-BOULANT-LILLOIS-BIS-2eme-PARTIE-EN-PDF-compress\u00e9.pdf\">BULLETIN 53 BOULANT LILLOIS BIS 2eme PARTIE EN PDF-compress\u00e9<\/a><\/p>\n<p><a href=\"https:\/\/pigeon-boulant-lillois.com\/wp-content\/uploads\/2023\/04\/BULLETIN-53-BOULANT-LILLOIS-BIS-3eme-PARTIE-EN-PDF-compress\u00e9.pdf\">BULLETIN 53 BOULANT LILLOIS BIS 3eme PARTIE EN PDF-compress\u00e9<\/a><\/p>\n<p><a href=\"https:\/\/pigeon-boulant-lillois.com\/wp-content\/uploads\/2023\/04\/BULLETIN-53-BOULANT-LILLOIS-BIS-4EME-PARTIE-EN-PDF-compress\u00e9.pdf\">BULLETIN 53 BOULANT LILLOIS BIS 4EME PARTIE EN PDF-compress\u00e9<\/a><\/p>\n<p>&nbsp;<\/p>\n<p>&nbsp;<\/p>\n","protected":false},"excerpt":{"rendered":"<p>Bulletin n0 53 a consulter ci contre\u00a0 : BULLETIN 53 BOULANT LILLOIS BIS 1ERE PARTIE EN PDF-compress\u00e9-1 BULLETIN 53 BOULANT LILLOIS BIS 2eme PARTIE EN PDF-compress\u00e9 BULLETIN 53 BOULANT LILLOIS BIS 3eme PARTIE EN PDF-compress\u00e9 BULLETIN 53 BOULANT LILLOIS BIS &hellip; <a href=\"https:\/\/pigeon-boulant-lillois.com\/?page_id=1624\">Lire la Suite <span class=\"meta-nav\">&rarr;<\/span><\/a><\/p>\n","protected":false},"author":1,"featured_media":0,"parent":614,"menu_order":0,"comment_status":"closed","ping_status":"closed","template":"","meta":{"footnotes":""},"_links":{"self":[{"href":"https:\/\/pigeon-boulant-lillois.com\/index.php?rest_route=\/wp\/v2\/pages\/1624"}],"collection":[{"href":"https:\/\/pigeon-boulant-lillois.com\/index.php?rest_route=\/wp\/v2\/pages"}],"about":[{"href":"https:\/\/pigeon-boulant-lillois.com\/index.php?rest_route=\/wp\/v2\/types\/page"}],"author":[{"embeddable":true,"href":"https:\/\/pigeon-boulant-lillois.com\/index.php?rest_route=\/wp\/v2\/users\/1"}],"replies":[{"embeddable":true,"href":"https:\/\/pigeon-boulant-lillois.com\/index.php?rest_route=%2Fwp%2Fv2%2Fcomments&post=1624"}],"version-history":[{"count":4,"href":"https:\/\/pigeon-boulant-lillois.com\/index.php?rest_route=\/wp\/v2\/pages\/1624\/revisions"}],"predecessor-version":[{"id":1634,"href":"https:\/\/pigeon-boulant-lillois.com\/index.php?rest_route=\/wp\/v2\/pages\/1624\/revisions\/1634"}],"up":[{"embeddable":true,"href":"https:\/\/pigeon-boulant-lillois.com\/index.php?rest_route=\/wp\/v2\/pages\/614"}],"wp:attachment":[{"href":"https:\/\/pigeon-boulant-lillois.com\/index.php?rest_route=%2Fwp%2Fv2%2Fmedia&parent=1624"}],"curies":[{"name":"wp","href":"https:\/\/api.w.org\/{rel}","templated":true}]}}