{"id":650,"date":"2017-08-17T20:54:10","date_gmt":"2017-08-17T19:54:10","guid":{"rendered":"http:\/\/pigeon-boulant-lillois.com\/?page_id=650"},"modified":"2018-03-07T02:27:09","modified_gmt":"2018-03-07T01:27:09","slug":"championnat-de-france-a-perigueux","status":"publish","type":"page","link":"https:\/\/pigeon-boulant-lillois.com\/?page_id=650","title":{"rendered":"PERIGUEUX  JANVIER 2018"},"content":{"rendered":"<p><strong>CHAMPIONNAT DE FRANCE DU BOULANT LILLOIS LES 12 AU 14 JANVIER \u00a0\u00e0 P\u00c9RIGUEUX-\u00a0<\/strong><\/p>\n<p>Vous trouverez ci dessous\u00a0 le palmar\u00e8s des champions de P\u00e9rigueux :<\/p>\n<h5><a href=\"https:\/\/pigeon-boulant-lillois.com\/wp-content\/uploads\/2017\/08\/Champions-de-France-BL-Perigueux.pdf\">Champions de France BL Perigueux<\/a><\/h5>\n<p><a href=\"https:\/\/pigeon-boulant-lillois.com\/wp-content\/uploads\/2017\/08\/LES-CHAMPIONS-97-EN-BOULANTS-LILLOIS-DE-PERIGUEUX.pdf\">LES CHAMPIONS 97 EN BOULANTS LILLOIS DE PERIGUEUX<\/a><\/p>\n<p><a href=\"https:\/\/pigeon-boulant-lillois.com\/wp-content\/uploads\/2017\/08\/LES-CHAMPIONS-96-EN-BOULANTS-LILLOIS-DE-PERIGUEUX.pdf\">LES CHAMPIONS 96 EN BOULANTS LILLOIS DE PERIGUEUX<\/a><\/p>\n<p><a href=\"https:\/\/pigeon-boulant-lillois.com\/wp-content\/uploads\/2017\/08\/Quelques-autres-beaux-Boulants-Lillois-96.doc\">Quelques autres beaux Boulants Lillois 96<\/a><\/p>\n<p><a href=\"https:\/\/pigeon-boulant-lillois.com\/wp-content\/uploads\/2017\/08\/Quelques-autres-beaux-Boulants-Lillois.pdf\">Quelques autres beaux Boulants Lillois<\/a><\/p>\n<p><a href=\"https:\/\/pigeon-boulant-lillois.com\/wp-content\/uploads\/2017\/08\/Quelques-autres-beaux-Boulants-Lillois-suite.pdf\">Quelques autres beaux Boulants Lillois suite<\/a><\/p>\n<h4>Le Prix de Qualit\u00e9 a \u00e9t\u00e9 attribu\u00e9 \u00e0 Mr CECCONI MARIO avec 94,33 points de moyenne (total des points\u00a0 des cages expos\u00e9es, divis\u00e9 par le nombre de sujet avec un minimum de 6 pigeons\u00a0 expos\u00e9s)\u00a0\u00a0\u00a0\u00a0\u00a0\u00a0\u00a0\u00a0\u00a0\u00a0\u00a0\u00a0\u00a0\u00a0\u00a0\u00a0 <span style=\"color: #0000ff;\"><em>M<\/em><em><strong>erci \u00e0 Alain Debord pour le pr\u00eat du studio photos et \u00e0 Djamel Himmi\u00a0 pour en avoir fait la demande !<\/strong><\/em><\/span><\/h4>\n<p><a href=\"https:\/\/pigeon-boulant-lillois.com\/wp-content\/uploads\/2017\/08\/Page-BL-Perigueux.pdf\">Page BL Perigueux<\/a>\u00a0\u00a0\u00a0\u00a0\u00a0\u00a0\u00a0\u00a0\u00a0\u00a0\u00a0\u00a0 <a href=\"https:\/\/pigeon-boulant-lillois.com\/wp-content\/uploads\/2017\/08\/Page-BL-Perigueux0001.pdf\">Page BL Perigueux0001<\/a><\/p>\n<p>&nbsp;<\/p>\n","protected":false},"excerpt":{"rendered":"<p>CHAMPIONNAT DE FRANCE DU BOULANT LILLOIS LES 12 AU 14 JANVIER \u00a0\u00e0 P\u00c9RIGUEUX-\u00a0 Vous trouverez ci dessous\u00a0 le palmar\u00e8s des champions de P\u00e9rigueux : Champions de France BL Perigueux LES CHAMPIONS 97 EN BOULANTS LILLOIS DE PERIGUEUX LES CHAMPIONS 96 &hellip; <a href=\"https:\/\/pigeon-boulant-lillois.com\/?page_id=650\">Lire la Suite <span class=\"meta-nav\">&rarr;<\/span><\/a><\/p>\n","protected":false},"author":1,"featured_media":0,"parent":110,"menu_order":0,"comment_status":"closed","ping_status":"closed","template":"","meta":{"footnotes":""},"_links":{"self":[{"href":"https:\/\/pigeon-boulant-lillois.com\/index.php?rest_route=\/wp\/v2\/pages\/650"}],"collection":[{"href":"https:\/\/pigeon-boulant-lillois.com\/index.php?rest_route=\/wp\/v2\/pages"}],"about":[{"href":"https:\/\/pigeon-boulant-lillois.com\/index.php?rest_route=\/wp\/v2\/types\/page"}],"author":[{"embeddable":true,"href":"https:\/\/pigeon-boulant-lillois.com\/index.php?rest_route=\/wp\/v2\/users\/1"}],"replies":[{"embeddable":true,"href":"https:\/\/pigeon-boulant-lillois.com\/index.php?rest_route=%2Fwp%2Fv2%2Fcomments&post=650"}],"version-history":[{"count":18,"href":"https:\/\/pigeon-boulant-lillois.com\/index.php?rest_route=\/wp\/v2\/pages\/650\/revisions"}],"predecessor-version":[{"id":865,"href":"https:\/\/pigeon-boulant-lillois.com\/index.php?rest_route=\/wp\/v2\/pages\/650\/revisions\/865"}],"up":[{"embeddable":true,"href":"https:\/\/pigeon-boulant-lillois.com\/index.php?rest_route=\/wp\/v2\/pages\/110"}],"wp:attachment":[{"href":"https:\/\/pigeon-boulant-lillois.com\/index.php?rest_route=%2Fwp%2Fv2%2Fmedia&parent=650"}],"curies":[{"name":"wp","href":"https:\/\/api.w.org\/{rel}","templated":true}]}}