{"id":926,"date":"2018-06-19T17:30:38","date_gmt":"2018-06-19T16:30:38","guid":{"rendered":"http:\/\/pigeon-boulant-lillois.com\/?page_id=926"},"modified":"2019-02-22T12:48:12","modified_gmt":"2019-02-22T11:48:12","slug":"assemblee-generale-et-journee-technique-le-12-mai-2018-a-charleroi","status":"publish","type":"page","link":"https:\/\/pigeon-boulant-lillois.com\/?page_id=926","title":{"rendered":"Assembl\u00e9e G\u00e9n\u00e9rale et Journ\u00e9e Technique le 12 mai 2018  \u00e0 Charleroi"},"content":{"rendered":"<p><a href=\"https:\/\/pigeon-boulant-lillois.com\/wp-content\/uploads\/2018\/06\/Assembl\u00e9e-G\u00e9n\u00e9rale-et-Journ\u00e9e-Technique-du-Boulant-Lillois\u2026.pdf\">Assembl\u00e9e G\u00e9n\u00e9rale et Journ\u00e9e Technique du Boulant Lillois\u2026<\/a><\/p>\n","protected":false},"excerpt":{"rendered":"<p>Assembl\u00e9e G\u00e9n\u00e9rale et Journ\u00e9e Technique du Boulant Lillois\u2026<\/p>\n","protected":false},"author":1,"featured_media":0,"parent":90,"menu_order":0,"comment_status":"closed","ping_status":"closed","template":"","meta":{"footnotes":""},"_links":{"self":[{"href":"https:\/\/pigeon-boulant-lillois.com\/index.php?rest_route=\/wp\/v2\/pages\/926"}],"collection":[{"href":"https:\/\/pigeon-boulant-lillois.com\/index.php?rest_route=\/wp\/v2\/pages"}],"about":[{"href":"https:\/\/pigeon-boulant-lillois.com\/index.php?rest_route=\/wp\/v2\/types\/page"}],"author":[{"embeddable":true,"href":"https:\/\/pigeon-boulant-lillois.com\/index.php?rest_route=\/wp\/v2\/users\/1"}],"replies":[{"embeddable":true,"href":"https:\/\/pigeon-boulant-lillois.com\/index.php?rest_route=%2Fwp%2Fv2%2Fcomments&post=926"}],"version-history":[{"count":1,"href":"https:\/\/pigeon-boulant-lillois.com\/index.php?rest_route=\/wp\/v2\/pages\/926\/revisions"}],"predecessor-version":[{"id":929,"href":"https:\/\/pigeon-boulant-lillois.com\/index.php?rest_route=\/wp\/v2\/pages\/926\/revisions\/929"}],"up":[{"embeddable":true,"href":"https:\/\/pigeon-boulant-lillois.com\/index.php?rest_route=\/wp\/v2\/pages\/90"}],"wp:attachment":[{"href":"https:\/\/pigeon-boulant-lillois.com\/index.php?rest_route=%2Fwp%2Fv2%2Fmedia&parent=926"}],"curies":[{"name":"wp","href":"https:\/\/api.w.org\/{rel}","templated":true}]}}